{"id":283,"date":"2024-01-22T13:04:40","date_gmt":"2024-01-22T13:04:40","guid":{"rendered":"https:\/\/50xbesserstreiten.ch\/?page_id=283"},"modified":"2024-01-25T19:13:22","modified_gmt":"2024-01-25T19:13:22","slug":"buch","status":"publish","type":"page","link":"https:\/\/50xbesserstreiten.ch\/?page_id=283","title":{"rendered":"Worum es im Buch geht"},"content":{"rendered":"\n<h2 class=\"wp-block-heading has-large-font-size\">&#8222;50x besser streiten&#8220; &#8211; quasi eine Anleitung.<\/h2>\n\n\n\n<p><strong><u>Streiten ist doof.<\/u><\/strong><\/p>\n\n\n\n<p>\u2026und Streiten ist auch normal: so unvermeidlich wie Steuern zahlen oder die Grippe. Und weil Kommunikation in Konflikten ganz anders funktioniert als im Alltag, sind praktische L\u00f6sungen gefragt \u2013 weder herumbr\u00fcllen noch den Streit sch\u00f6nreden hilft.<\/p>\n\n\n\n<p><strong><u>Win-Win-L\u00f6sungen<\/u><\/strong><\/p>\n\n\n\n<p>Das Beste ist es also, besser streiten zu lernen: Die negative Streitenergie so rasch als m\u00f6glich verstehen, aufl\u00f6sen oder umwandeln, damit Win-win-L\u00f6sungen entstehen \u2013 keine einfache Aufgabe, wenn der Kopf raucht und das Gegen\u00fcber nervt.<\/p>\n\n\n\n<p><strong><u>F\u00fcr den Alltag gemacht<\/u><\/strong><\/p>\n\n\n\n<p>Das Buch \u00ab50\u00d7 besser streiten\u00bb bietet einen einfach zug\u00e4nglichen Werkzeugkasten, der auf dem Nachttisch wie auf dem Lehrerpult seinen Platz findet. Praktische \u00dcbungen zu jedem Werkzeug helfen bei der praktischen Umsetzung.<\/p>\n\n\n\n<p><strong><u>Augenzwinkern inklusive<\/u><\/strong><\/p>\n\n\n\n<p>\u00ab50x besser streiten\u00bb l\u00e4dt mit einem Augenzwinkern dazu ein, sich ernst, aber (!) nie tierisch ernst zu nehmen.<\/p>\n\n\n\n<p>Sie m\u00f6chten das Buch lesen? <a href=\"https:\/\/50xbesserstreiten.ch\/?page_id=135\" data-type=\"page\" data-id=\"135\">Hier geht es zur Buchbestellung.<\/a><br>Sie m\u00f6chten mich f\u00fcr Keynotes, Workshops etc engagieren? Hier geht es zu <a href=\"http:\/\/50xbesserstreiten.ch\/?page_id=139\" data-type=\"page\" data-id=\"139\">&#8222;50x besser streiten&#8220; lernen.<\/a><\/p>\n","protected":false},"excerpt":{"rendered":"<p>&#8222;50x besser streiten&#8220; &#8211; quasi eine Anleitung. Streiten ist doof. \u2026und Streiten ist auch normal: so unvermeidlich wie Steuern zahlen oder die Grippe. Und weil Kommunikation in Konflikten ganz anders funktioniert als im Alltag, sind praktische L\u00f6sungen gefragt \u2013 weder herumbr\u00fcllen noch den Streit sch\u00f6nreden hilft. Win-Win-L\u00f6sungen Das Beste ist es also, besser streiten zu&hellip; <a class=\"more-link\" href=\"https:\/\/50xbesserstreiten.ch\/?page_id=283\"><span class=\"screen-reader-text\">Worum es im Buch geht<\/span> weiterlesen<\/a><\/p>\n","protected":false},"author":3,"featured_media":0,"parent":0,"menu_order":0,"comment_status":"closed","ping_status":"closed","template":"","meta":{"footnotes":""},"_links":{"self":[{"href":"https:\/\/50xbesserstreiten.ch\/index.php?rest_route=\/wp\/v2\/pages\/283"}],"collection":[{"href":"https:\/\/50xbesserstreiten.ch\/index.php?rest_route=\/wp\/v2\/pages"}],"about":[{"href":"https:\/\/50xbesserstreiten.ch\/index.php?rest_route=\/wp\/v2\/types\/page"}],"author":[{"embeddable":true,"href":"https:\/\/50xbesserstreiten.ch\/index.php?rest_route=\/wp\/v2\/users\/3"}],"replies":[{"embeddable":true,"href":"https:\/\/50xbesserstreiten.ch\/index.php?rest_route=%2Fwp%2Fv2%2Fcomments&post=283"}],"version-history":[{"count":5,"href":"https:\/\/50xbesserstreiten.ch\/index.php?rest_route=\/wp\/v2\/pages\/283\/revisions"}],"predecessor-version":[{"id":379,"href":"https:\/\/50xbesserstreiten.ch\/index.php?rest_route=\/wp\/v2\/pages\/283\/revisions\/379"}],"wp:attachment":[{"href":"https:\/\/50xbesserstreiten.ch\/index.php?rest_route=%2Fwp%2Fv2%2Fmedia&parent=283"}],"curies":[{"name":"wp","href":"https:\/\/api.w.org\/{rel}","templated":true}]}}