{"id":208,"date":"2024-01-21T14:55:08","date_gmt":"2024-01-21T14:55:08","guid":{"rendered":"https:\/\/50xbesserstreiten.ch\/?page_id=208"},"modified":"2024-01-25T20:13:19","modified_gmt":"2024-01-25T20:13:19","slug":"streit-hacks","status":"publish","type":"page","link":"https:\/\/50xbesserstreiten.ch\/?page_id=208","title":{"rendered":"Workarounds sind Streit-Hacks"},"content":{"rendered":"\n<p>Der perfekte Mensch existiert ebenso wie das perfekte Computerprogramm \u2013 n\u00e4mlich gar nicht. Man kann Software wie sich selbst so lange selbstoptimieren wie man will, fehlerhaft bleibt es immer. Auch Computerprogramme sind nur Menschen, k\u00f6nnte man sagen.<\/p>\n\n\n\n<p>Als aufgekl\u00e4rte Wesen wissen wir mittlerweile in der Theorie: Die Pers\u00f6nlichkeit von anderen Menschen ver\u00e4ndern zu wollen, das kann nur schiefgehen. Man sollte Menschen nehmen, so wie sie sind (mit grossem Pathos zu sprechen, bitte!).<\/p>\n\n\n\n<p>Real ist eher, was uns schon andernorts begegnet ist: \u00abJa, er ist o.k., und diese Macke da, da biege ich ihn dann schon noch zurecht\u00bb. So manche Ehe ist an dieser Illusion gescheitert, manch Arbeitsteam daran zerbrochen. Der notorisch versp\u00e4tete Arbeitskollege, die impulsive Ehefrau \u2013 jeder hat seine \u00abProgramm-Bugs\u00bb, die Streitpotenzial bergen. Da ist der Blick in die gar nicht mal so emotionslose Welt der Computerprogramme hilfreich.<\/p>\n\n\n\n<p>Wegen einer kleinen Unzul\u00e4nglichkeit in der Programmierung k\u00f6nnen die Softwarefirmen nicht das gesamte Programm einstampfen, und wir alle sind ja keine Informatiker, die selbst in die Programmierung eingreifen k\u00f6nnen. Daf\u00fcr werden stattdessen kleine \u00abWorkarounds\u00bb ver\u00f6ffentlicht, also kleine Tricks, um ein bestehendes Problem zu umgehen. Das kann eine bestimmte Tastenkombination f\u00fcr \u00abverschwundene\u00bb Lieblingsbefehle sein, eine versteckte Option bei den Programm-Einstellungen oder ein kleiner \u00abZusatz\u00bb, der das Problem zu umschiffen hilft.<\/p>\n\n\n\n<p>Statt nun den geliebten Menschen also in einer langwierigen, teuren und wahrscheinlich ergebnislosen Psychotherapie \u00abreparieren\u00bb zu lassen oder sich jahrelang daran abzuarbeiten, die Macken der Ehefrau wegzukriegen, brauchen wir Workarounds f\u00fcr nervige Macken. Und die beste Suchmaschine daf\u00fcr ist der Kreativprozessor, der zwischen unseren Ohren sitzt.<\/p>\n\n\n\n<p>Ich erz\u00e4hle von einem Beispiel in meinen eigenen vier W\u00e4nden: Wenn sich mein Lieblingsmensch beim Morgenkaffee \u00fcber einen schrecklichen Zeitungsartikel lauthals \u00e4rgerte, fand ich es nicht lustig, wenn ich dessen \u00c4rger abbekam. Umgekehrt nat\u00fcrlich auch.<\/p>\n\n\n\n<p>Nach einigen unerfreulichen Morgenessen erkannten wir Handlungsbedarf. \u00c4rger runterschlucken war ebenso wenig eine Option wie das Gegen\u00fcber mit dem eigenen \u00c4rger einzudecken. Nach ein paar Versuchen haben wir folgende L\u00f6sung gefunden: Wer sich am Morgen aufregt, sagt das dem Pl\u00fcsch-Corona-Virus, den wir vor Kurzem geschenkt bekamen, mit den Worten: \u00abCoroni, wir m\u00fcssen reden!\u00bb, und teilen dem Virus unseren \u00c4rger mit. Seither sind die Morgenessen nicht nur entspannter, sondern oft auch lustig.<\/p>\n\n\n\n<p>Noch ein Beispiel: Die vielen kleinen Haushaltsnervigkeiten (dreckiges Geschirr im Schlafzimmer liegengelassen, Klo hinter sich nicht geputzt \u2026 \u2013 braucht es noch mehr Beispiele?) werden auf den Familien-Chat \u00abWall Of Haushalts-Shame\u00bb gestellt und kommentiert. Ob die kleinen Haushaltss\u00fcnden seither abgenommen haben, muss noch in einer universit\u00e4ren Gesamtstudie evaluiert werden \u2013 das Streitpotenzial ist seither jedoch merklich reduziert.<\/p>\n\n\n\n<p>Wichtig dabei: Das, was im Moment nervt, kann ausgedr\u00fcckt werden, der M\u00fccken-\u00c4rger muss nicht runtergeschluckt werden und kann sich so schlechter zu einem Frust-Elefanten entwickeln.<\/p>\n","protected":false},"excerpt":{"rendered":"<p>Der perfekte Mensch existiert ebenso wie das perfekte Computerprogramm \u2013 n\u00e4mlich gar nicht. Man kann Software wie sich selbst so lange selbstoptimieren wie man will, fehlerhaft bleibt es immer. Auch Computerprogramme sind nur Menschen, k\u00f6nnte man sagen. Als aufgekl\u00e4rte Wesen wissen wir mittlerweile in der Theorie: Die Pers\u00f6nlichkeit von anderen Menschen ver\u00e4ndern zu wollen, das&hellip; <a class=\"more-link\" href=\"https:\/\/50xbesserstreiten.ch\/?page_id=208\"><span class=\"screen-reader-text\">Workarounds sind Streit-Hacks<\/span> weiterlesen<\/a><\/p>\n","protected":false},"author":3,"featured_media":0,"parent":0,"menu_order":0,"comment_status":"closed","ping_status":"closed","template":"","meta":{"footnotes":""},"_links":{"self":[{"href":"https:\/\/50xbesserstreiten.ch\/index.php?rest_route=\/wp\/v2\/pages\/208"}],"collection":[{"href":"https:\/\/50xbesserstreiten.ch\/index.php?rest_route=\/wp\/v2\/pages"}],"about":[{"href":"https:\/\/50xbesserstreiten.ch\/index.php?rest_route=\/wp\/v2\/types\/page"}],"author":[{"embeddable":true,"href":"https:\/\/50xbesserstreiten.ch\/index.php?rest_route=\/wp\/v2\/users\/3"}],"replies":[{"embeddable":true,"href":"https:\/\/50xbesserstreiten.ch\/index.php?rest_route=%2Fwp%2Fv2%2Fcomments&post=208"}],"version-history":[{"count":2,"href":"https:\/\/50xbesserstreiten.ch\/index.php?rest_route=\/wp\/v2\/pages\/208\/revisions"}],"predecessor-version":[{"id":403,"href":"https:\/\/50xbesserstreiten.ch\/index.php?rest_route=\/wp\/v2\/pages\/208\/revisions\/403"}],"wp:attachment":[{"href":"https:\/\/50xbesserstreiten.ch\/index.php?rest_route=%2Fwp%2Fv2%2Fmedia&parent=208"}],"curies":[{"name":"wp","href":"https:\/\/api.w.org\/{rel}","templated":true}]}}