{"id":205,"date":"2024-01-21T14:52:58","date_gmt":"2024-01-21T14:52:58","guid":{"rendered":"https:\/\/50xbesserstreiten.ch\/?page_id=205"},"modified":"2024-01-29T08:57:05","modified_gmt":"2024-01-29T08:57:05","slug":"fussball-logik","status":"publish","type":"page","link":"https:\/\/50xbesserstreiten.ch\/?page_id=205","title":{"rendered":"Die Fussball-Logik &#8211; &#8222;OMG, den MUSST du doch machen!&#8220;"},"content":{"rendered":"\n<p>\u2026 und dann habe ich also alle diese Tools beherzigt. Und einge\u00fcbt. Und nochmals ge\u00fcbt. Und dann bin ich in einer Sitzung, werde von einem Kollegen angegriffen, und alles ist vergessen: Ich steige auf jede noch so plumpe Provokation ein, widerspreche nach allen Regeln der Eskalation, bis wir uns beide anschreien. Und erst viel sp\u00e4ter, so ungef\u00e4hr nach dem dritten Bier, komme ich zur Besinnung und sch\u00fcttle den Kopf \u00fcber mich selbst.<\/p>\n\n\n\n<p>Wie konnte mir das passieren?<\/p>\n\n\n\n<p>In solchen Momenten denke ich an eine kleine Szene aus einem Fussball-Champions-League-Finale: Lionel Messi erh\u00e4lt im seitlichen Mittelfeld einen Pass zugespielt, weit und breit kein Gegenspieler, er hebt den Kopf auf der Suche nach einem Mitspieler \u2013 und der Ball rollt ihm unter seinem Fuss hindurch ins Aus. Messi bleibt wie angewurzelt stehen und schaut dem Ball nach, als k\u00f6nne er nicht glauben, was da gerade passiert, ihm, einem der besten Fussballer aller Zeiten, so ein lapidarer Fehler.<\/p>\n\n\n\n<p>Die Szene ist nirgends mehr auffindbar, auch nicht in den \u00abMessi fails\u00bb-Videoclips auf YouTube. Wahrscheinlich war sie f\u00fcr viele schlicht zu banal. F\u00fcr mich als Amateurkicker war sie jedoch tr\u00f6stlich und wurde zu einem Symbol f\u00fcr das Leben mit Konflikten. Denn Fuss und Ball, das passt irgendwie nur schwer zusammen oder ist zumindest eine komplizierte Beziehung. Wie die zwischen Menschen.<\/p>\n\n\n\n<p>Wenn mein Handballfreund sich wieder einmal dar\u00fcber enerviert, wie eine dermassen torarme, fehlerhafte Sache die Sportwelt so dominieren kann, dann pflege ich zu sagen: \u00abGenau darum.\u00bb Weil Fussball ein spielerisches Abbild unseres Lebens ist. Im Fussball ist das Scheitern das Normale, so wie im Leben. Nach jedem miesen Pass, nach jeder vergebenen \u00ab100-prozentigen Chance\u00bb gilt:<\/p>\n\n\n\n<p>Weitermachen. &#8211; Nochmals probieren. &#8211; Neunzigmal pro Spiel.<\/p>\n\n\n\n<p>So l\u00e4uft es auch im menschlichen Alltag: Pleiten, Pech und Pannen, all\u00fcberall.<\/p>\n\n\n\n<p>Der aufreizend langsame Autofahrer vor mir heute Morgen: Wie das zehnte Mal im Offside gestanden. Die endlose Jammerei der Vorgesetzten: Wie ein z\u00e4hes Null zu Null. Am Abend Krach mit meiner Frau, wegen einer l\u00e4ppischen Kleinigkeit: Wie der kapitale Fehlpass vor dem eigenen Strafraum. Fussball lehrt uns Demut angesichts der eigenen Fehlbarkeit. Also gilt auch bei misslungenen Konflikten: aufstehen, zerschundene Knie abwischen, Kapit\u00e4nsbinde richten, weiter gehts.<\/p>\n\n\n\n<p>Haben Sie sich im letzten Streit mit Ihrem Sohn nach einer Provokation zu einer \u00abBlutgr\u00e4tsche\u00bb hinreissen lassen? Entschuldigen Sie sich und akzeptieren Sie eine rote Karte. Nach der Sperre sind Sie wieder im Spiel und k\u00f6nnen es besser machen. Der n\u00e4chste Zweikampf kommt bestimmt.<\/p>\n\n\n\n<p>Aber (!) auch das Umgekehrte gilt. Fussball lehrt uns, was Gnade ist. &nbsp;Dann n\u00e4mlich, wenn ein gelungener Fallr\u00fcckzieher ein ganzes Stadion in Ekstase versetzt. Win-win am Ende eines Konflikts, das ist immer auch Gl\u00fcck wie ein Freistoss ins Lattenkreuz. Unplanbar, auch nach 1000 Wiederholungen im Training. Konflikte konstruktiv umwandeln, das ist immer so begl\u00fcckend wie ein Traumtor meines Lieblingsvereins in der letzten Spielminute.<\/p>\n\n\n\n<p>G\u00f6nnen Sie sich also von Zeit zu Zeit ruhig einen total \u00fcbertriebenen Torjubel.<\/p>\n","protected":false},"excerpt":{"rendered":"<p>\u2026 und dann habe ich also alle diese Tools beherzigt. Und einge\u00fcbt. Und nochmals ge\u00fcbt. Und dann bin ich in einer Sitzung, werde von einem Kollegen angegriffen, und alles ist vergessen: Ich steige auf jede noch so plumpe Provokation ein, widerspreche nach allen Regeln der Eskalation, bis wir uns beide anschreien. Und erst viel sp\u00e4ter,&hellip; <a class=\"more-link\" href=\"https:\/\/50xbesserstreiten.ch\/?page_id=205\"><span class=\"screen-reader-text\">Die Fussball-Logik &#8211; &#8222;OMG, den MUSST du doch machen!&#8220;<\/span> weiterlesen<\/a><\/p>\n","protected":false},"author":3,"featured_media":0,"parent":0,"menu_order":0,"comment_status":"closed","ping_status":"closed","template":"","meta":{"footnotes":""},"_links":{"self":[{"href":"https:\/\/50xbesserstreiten.ch\/index.php?rest_route=\/wp\/v2\/pages\/205"}],"collection":[{"href":"https:\/\/50xbesserstreiten.ch\/index.php?rest_route=\/wp\/v2\/pages"}],"about":[{"href":"https:\/\/50xbesserstreiten.ch\/index.php?rest_route=\/wp\/v2\/types\/page"}],"author":[{"embeddable":true,"href":"https:\/\/50xbesserstreiten.ch\/index.php?rest_route=\/wp\/v2\/users\/3"}],"replies":[{"embeddable":true,"href":"https:\/\/50xbesserstreiten.ch\/index.php?rest_route=%2Fwp%2Fv2%2Fcomments&post=205"}],"version-history":[{"count":4,"href":"https:\/\/50xbesserstreiten.ch\/index.php?rest_route=\/wp\/v2\/pages\/205\/revisions"}],"predecessor-version":[{"id":465,"href":"https:\/\/50xbesserstreiten.ch\/index.php?rest_route=\/wp\/v2\/pages\/205\/revisions\/465"}],"wp:attachment":[{"href":"https:\/\/50xbesserstreiten.ch\/index.php?rest_route=%2Fwp%2Fv2%2Fmedia&parent=205"}],"curies":[{"name":"wp","href":"https:\/\/api.w.org\/{rel}","templated":true}]}}