{"id":202,"date":"2024-01-21T14:49:43","date_gmt":"2024-01-21T14:49:43","guid":{"rendered":"https:\/\/50xbesserstreiten.ch\/?page_id=202"},"modified":"2024-01-25T20:11:02","modified_gmt":"2024-01-25T20:11:02","slug":"schleifen-ein-tor","status":"publish","type":"page","link":"https:\/\/50xbesserstreiten.ch\/?page_id=202","title":{"rendered":"Schleifen &#8211; ein Tor, wer meint, ein Tor sei ein Tor"},"content":{"rendered":"\n<p>\u00abWas f\u00fcr ein wundersch\u00f6nes Tor!\u00bb, ruft der Mann aus dem Wohnzimmer. \u2013 \u00abJa, finde ich auch, sollen wir es kaufen?\u00bb, antwortet die Frau aus dem Garten.<\/p>\n\n\n\n<p>Erst nach ein paar verwirrten Sekunden f\u00e4llt dem Mann ein, dass sie am Morgen im Do-It-Yourself-Center waren, um sich f\u00fcr ihren Garten inspirieren zu lassen. Und die Frau beginnt zu lachen, weil sie gerade den Werbeprospekt studiert hat und vergass, dass ihr Mann Fussball schaut.<\/p>\n\n\n\n<p>Sprache kann so viele Dinge bedeuten. Das macht sie poetisch. Meistens. Im Streit kann ein Wort zu einem b\u00f6sen Foulspiel und Sprache zu wucherndem Unkraut werden.<\/p>\n\n\n\n<p>Oft kommt es bei Streitigkeiten vor, dass ich meine, wir reden vom Fussball, dabei redet mein Gegen\u00fcber vom Garten. Oder es ist wie beim \u00abTelefonspiel\u00bb: Ich muss ohne R\u00fcckfrage einen komplizierten Satz ins n\u00e4chste Ohr fl\u00fcstern, was auch immer ich geh\u00f6rt habe \u2013 innert K\u00fcrze herrscht eine babylonische Sprachverwirrung. Was im Spiel meist in Gel\u00e4chter endet, bleibt auch in Streitereien selten still. Wenn sich Anliegen im streitbaren Hin und Her immer mehr verzerren, steigt oft auch die Lautst\u00e4rke.<\/p>\n\n\n\n<p>Um diese unselige Mechanik zu durchbrechen, gibt es ein ganz einfaches Mittel: Ich bitte das Gegen\u00fcber, wiederholen zu d\u00fcrfen, was ich geh\u00f6rt habe: \u00abHabe ich dich richtig verstanden? Du meinst also \u2026, dir ist wichtig, dass \u2026, es geht dir um \u2026?\u00bb<\/p>\n\n\n\n<p>Mit dieser Verst\u00e4ndigungsschleife stelle ich sicher, dass ich begriffen habe, was das Gegen\u00fcber ausdr\u00fccken wollte. Und mein Gegen\u00fcber wiederum ist sicher, dass es richtig geh\u00f6rt wurde. Wenn sich Verst\u00e4ndnisfehler zeigen, kann mein Gegen\u00fcber noch einmal sagen, was ihm oder ihr wichtig ist. Verst\u00e4ndnis w\u00e4chst.<\/p>\n\n\n\n<p>Was recht banal t\u00f6nt, hat zwei erfreuliche Nebenwirkungen: Konflikte werden entschleunigt, und ich f\u00fchle mich \u00abinnerlich geh\u00f6rt\u00bb. Beides sind Grundlagen f\u00fcr gute L\u00f6sungen bei Konflikten.<\/p>\n\n\n\n<p>Vielleicht gerade weil dieses \u00abWiederk\u00e4uen in meinen eigenen Worten\u00bb so banal klingt, ist es anspruchsvoll. In Streitereien bin ich oft auf mich selbst, meine Argumente und meine Gef\u00fchle fixiert, und ich meine darum auch viel zu oft, dass ich beim anderen alles richtig verstehe \u2013 n\u00e4mlich so, wie ich es verstehe. Und das ist nur allzu oft falsch.<\/p>\n\n\n\n<p>Neben Entschleunigung und inhaltlichem Verst\u00e4ndnis hilft diese Schleife auch, mich von der Fokussierung auf mich selbst zu l\u00f6sen. Insgesamt also quasi drei wunderbare Tore f\u00fcr den \u00abFC Verst\u00e4ndnisschleife\u00bb \u2013 bzw. drei Handkniffe, um das Tor in den Garten der Konfliktl\u00f6sung aufzustossen.<\/p>\n\n\n\n<p>Und einen Bonus erhalte ich beim \u00abSchleifen\u00bb obendrein: F\u00fchlt sich mein Gegen\u00fcber richtig wiedergegeben, l\u00f6st das ein reflexartiges \u00abGenau!\u00bb oder eine \u00e4hnliche Best\u00e4tigung aus \u2013 Lob und Lohn in einem. In Streitereien solche kleinen Verst\u00e4ndnisbr\u00fccken aufzubauen, das ist ein weiteres offenes Tor. Ein solches oder ein anderes.<\/p>\n","protected":false},"excerpt":{"rendered":"<p>\u00abWas f\u00fcr ein wundersch\u00f6nes Tor!\u00bb, ruft der Mann aus dem Wohnzimmer. \u2013 \u00abJa, finde ich auch, sollen wir es kaufen?\u00bb, antwortet die Frau aus dem Garten. Erst nach ein paar verwirrten Sekunden f\u00e4llt dem Mann ein, dass sie am Morgen im Do-It-Yourself-Center waren, um sich f\u00fcr ihren Garten inspirieren zu lassen. Und die Frau beginnt&hellip; <a class=\"more-link\" href=\"https:\/\/50xbesserstreiten.ch\/?page_id=202\"><span class=\"screen-reader-text\">Schleifen &#8211; ein Tor, wer meint, ein Tor sei ein Tor<\/span> weiterlesen<\/a><\/p>\n","protected":false},"author":3,"featured_media":0,"parent":0,"menu_order":0,"comment_status":"closed","ping_status":"closed","template":"","meta":{"footnotes":""},"_links":{"self":[{"href":"https:\/\/50xbesserstreiten.ch\/index.php?rest_route=\/wp\/v2\/pages\/202"}],"collection":[{"href":"https:\/\/50xbesserstreiten.ch\/index.php?rest_route=\/wp\/v2\/pages"}],"about":[{"href":"https:\/\/50xbesserstreiten.ch\/index.php?rest_route=\/wp\/v2\/types\/page"}],"author":[{"embeddable":true,"href":"https:\/\/50xbesserstreiten.ch\/index.php?rest_route=\/wp\/v2\/users\/3"}],"replies":[{"embeddable":true,"href":"https:\/\/50xbesserstreiten.ch\/index.php?rest_route=%2Fwp%2Fv2%2Fcomments&post=202"}],"version-history":[{"count":2,"href":"https:\/\/50xbesserstreiten.ch\/index.php?rest_route=\/wp\/v2\/pages\/202\/revisions"}],"predecessor-version":[{"id":401,"href":"https:\/\/50xbesserstreiten.ch\/index.php?rest_route=\/wp\/v2\/pages\/202\/revisions\/401"}],"wp:attachment":[{"href":"https:\/\/50xbesserstreiten.ch\/index.php?rest_route=%2Fwp%2Fv2%2Fmedia&parent=202"}],"curies":[{"name":"wp","href":"https:\/\/api.w.org\/{rel}","templated":true}]}}