{"id":137,"date":"2024-01-21T12:56:50","date_gmt":"2024-01-21T12:56:50","guid":{"rendered":"https:\/\/50xbesserstreiten.ch\/?page_id=137"},"modified":"2025-06-11T19:03:32","modified_gmt":"2025-06-11T19:03:32","slug":"bonusmaterial","status":"publish","type":"page","link":"https:\/\/50xbesserstreiten.ch\/?page_id=137","title":{"rendered":"Bonusmaterial zum Buch"},"content":{"rendered":"\n<div class=\"wp-block-group is-nowrap is-layout-flex wp-container-core-group-layout-1 wp-block-group-is-layout-flex\"><\/div>\n\n\n\n<h3 class=\"wp-block-heading\">Links:<\/h3>\n\n\n\n<ul>\n<li>Der Kapit\u00e4n-Haddock-Fluchgenerator <a href=\"http:\/\/moosbrugger.me\/anti-aggressions-tool\/\" data-type=\"link\" data-id=\"http:\/\/moosbrugger.me\/anti-aggressions-tool\/\" target=\"_blank\" rel=\"noreferrer noopener\">(Link)<\/a><\/li>\n\n\n\n<li>Der Fussball-Weisheiten-Generator <a href=\"http:\/\/moosbrugger.me\/fussballweisheiten\/\" target=\"_blank\" rel=\"noreferrer noopener\">(Link)<\/a><\/li>\n\n\n\n<li>&#8222;Wenn Du bemerkst, dass Du ein totes Pferd reitest, steig ab.&#8220; <a href=\"http:\/\/totes-pferd-reiten.ch\/\" target=\"_blank\" rel=\"noreferrer noopener\">(Link)<\/a><\/li>\n<\/ul>\n\n\n\n<h3 class=\"wp-block-heading\">Arbeitsbl\u00e4tter:<\/h3>\n\n\n\n<p><strong>Die Cornell-Methode f\u00fcr Notizen:<\/strong><\/p>\n\n\n\n<ul>\n<li>Leere Vorlage mit der Cornell-Blattaufteilung (als <a href=\"https:\/\/50xbesserstreiten.ch\/wp-content\/uploads\/2024\/01\/Bonus-Cornell-Vorlage_leer.png\" data-type=\"attachment\" data-id=\"332\" target=\"_blank\" rel=\"noreferrer noopener\">png<\/a> | <a href=\"https:\/\/50xbesserstreiten.ch\/wp-content\/uploads\/2024\/01\/Bonus-Cornell-Vorlage_leer.pdf\" data-type=\"attachment\" data-id=\"337\" target=\"_blank\" rel=\"noreferrer noopener\">pdf<\/a>)<\/li>\n\n\n\n<li>Vorlage mit der Beschriftung der einzelnen Felder (als <a href=\"https:\/\/50xbesserstreiten.ch\/wp-content\/uploads\/2024\/01\/Bonus-Cornell-Vorlage_beschriftet.png\" data-type=\"attachment\" data-id=\"334\" target=\"_blank\" rel=\"noreferrer noopener\">pn<\/a>g | <a href=\"https:\/\/50xbesserstreiten.ch\/wp-content\/uploads\/2024\/01\/Bonus-Cornell-Vorlage_beschriftet.pdf\" data-type=\"attachment\" data-id=\"333\" target=\"_blank\" rel=\"noreferrer noopener\">pdf<\/a>)<\/li>\n\n\n\n<li>Vorlage mit Erkl\u00e4rungen zu den einzelnen Feldern (als <a href=\"https:\/\/50xbesserstreiten.ch\/wp-content\/uploads\/2024\/01\/Bonus-Cornell-Vorlage_Erklaert.png\" data-type=\"attachment\" data-id=\"336\" target=\"_blank\" rel=\"noreferrer noopener\">png<\/a> | <a href=\"https:\/\/50xbesserstreiten.ch\/wp-content\/uploads\/2024\/01\/Bonus-Cornell-Vorlage_Erklaert.pdf\" data-type=\"attachment\" data-id=\"335\" target=\"_blank\" rel=\"noreferrer noopener\">pdf<\/a>)<\/li>\n<\/ul>\n\n\n\n<p><strong>Das Eisbergmodell \/ Interessen &amp; Bed\u00fcrfnisse:<\/strong><\/p>\n\n\n\n<ul>\n<li>Arbeitsblatt &#8222;Eisberg&#8220; (als <a href=\"https:\/\/50xbesserstreiten.ch\/wp-content\/uploads\/2024\/01\/Bonus-Eisbergmodell.jpg\" data-type=\"attachment\" data-id=\"352\" target=\"_blank\" rel=\"noreferrer noopener\">jpg<\/a> | <a href=\"https:\/\/50xbesserstreiten.ch\/wp-content\/uploads\/2024\/01\/Bonus-Eisbergmodell.pdf\" data-type=\"attachment\" data-id=\"351\" target=\"_blank\" rel=\"noreferrer noopener\">pdf<\/a>)<\/li>\n\n\n\n<li>Arbeitsblatt &#8222;Interessen &amp; Bed\u00fcrfnisse&#8220; (als <a href=\"http:\/\/50xbesserstreiten.ch\/wp-content\/uploads\/2025\/06\/50xBS-AB-Interessen_und_Beduerfnisse-1-scaled.jpg\" target=\"_blank\" rel=\"noreferrer noopener\">jpg<\/a> | als <a href=\"https:\/\/50xbesserstreiten.ch\/wp-content\/uploads\/2025\/06\/50xBS-AB-Interessen_und_Beduerfnisse-1.pdf\" data-type=\"attachment\" data-id=\"723\" target=\"_blank\" rel=\"noreferrer noopener\">pdf<\/a>)<\/li>\n\n\n\n<li>Arbeitsblatt &#8222;Interessen &amp; Bed\u00fcrfnisse&#8220; mit Eisberg (als <a href=\"http:\/\/50xbesserstreiten.ch\/wp-content\/uploads\/2025\/06\/50xBS-AB-Interessen_und_Beduerfnisse.pdf\">pdf<\/a>)<\/li>\n<\/ul>\n\n\n\n<p><strong>Feedback mit der &#8222;5-Finger-Methode&#8220;<\/strong><\/p>\n\n\n\n<ul>\n<li>Kopiervorlage (als <a href=\"http:\/\/50xbesserstreiten.ch\/wp-content\/uploads\/2025\/06\/50xBS-AB-5FF-scaled.jpg\">jpg <\/a>| als <a href=\"http:\/\/50xbesserstreiten.ch\/wp-content\/uploads\/2025\/06\/50xBS-AB-5FF.pdf\">pdf<\/a>)<\/li>\n<\/ul>\n\n\n\n<p><strong>&#8222;Gef\u00fchlisch&#8220; lernen<\/strong> &#8211; Liste von Gef\u00fchlen<\/p>\n\n\n\n<ul>\n<li>\u00dcbersichtsblatt (als <a href=\"http:\/\/50xbesserstreiten.ch\/wp-content\/uploads\/2025\/06\/50xBS-AB-Gefuehle-Liste-tm-scaled.jpg\">jpg<\/a> | als <a href=\"http:\/\/50xbesserstreiten.ch\/wp-content\/uploads\/2025\/06\/50xBS-AB-Gefuehle-Liste-tm.pdf\">pdf<\/a>)<\/li>\n<\/ul>\n\n\n\n<p><strong>Das Konflikt-Schichtenmodell nach Schmidt\/Berg:<\/strong><\/p>\n\n\n\n<ul>\n<li>\u00dcbersichtsblatt, farbig (als <a href=\"https:\/\/50xbesserstreiten.ch\/wp-content\/uploads\/2024\/01\/Bonus-Schichtenmodell_farbig.jpg\" data-type=\"attachment\" data-id=\"346\" target=\"_blank\" rel=\"noreferrer noopener\">jpg<\/a> | <a href=\"https:\/\/50xbesserstreiten.ch\/wp-content\/uploads\/2024\/01\/Bonus-Schichtenmodell_farbig.pdf\" data-type=\"attachment\" data-id=\"343\" target=\"_blank\" rel=\"noreferrer noopener\">pdf<\/a>)<\/li>\n\n\n\n<li>\u00dcbersichtsblatt, schwarz-weiss (als <a href=\"https:\/\/50xbesserstreiten.ch\/wp-content\/uploads\/2024\/01\/Bonus-Schichtenmodell_sw.jpg\" data-type=\"attachment\" data-id=\"344\" target=\"_blank\" rel=\"noreferrer noopener\">jpg<\/a> | <a href=\"https:\/\/50xbesserstreiten.ch\/wp-content\/uploads\/2024\/01\/Bonus-Schichtenmodell_sw.pdf\" data-type=\"attachment\" data-id=\"345\" target=\"_blank\" rel=\"noreferrer noopener\">pdf<\/a>)<\/li>\n<\/ul>\n\n\n\n<p><strong>Meine Ressourcen:<\/strong><\/p>\n\n\n\n<ul>\n<li>Arbeitsblatt mit angeh\u00e4ngtem Beispielblatt (als <a href=\"https:\/\/50xbesserstreiten.ch\/wp-content\/uploads\/2024\/01\/Bonus-Meine_Ressourcen.pdf\" data-type=\"attachment\" data-id=\"353\" target=\"_blank\" rel=\"noreferrer noopener\">pdf<\/a>)<\/li>\n<\/ul>\n\n\n\n<p><strong>Superlative\/nie\/immer ersetzen:<\/strong><\/p>\n\n\n\n<ul>\n<li>Arbeitsblatt &#8222;Nie\/immer\/\u00fcberall ersetzen&#8220; (als <a href=\"http:\/\/50xbesserstreiten.ch\/wp-content\/uploads\/2025\/06\/50xBS-AB-Immer_Ueberall_ersetzen-scaled.jpg\">jpg<\/a> | als <a href=\"http:\/\/50xbesserstreiten.ch\/wp-content\/uploads\/2025\/06\/50xBS-AB-Immer_Ueberall_ersetzen.pdf\">pdf<\/a>)<\/li>\n\n\n\n<li>Arbeitsblatt &#8222;Superlative ersetzen&#8220; (als <a href=\"http:\/\/50xbesserstreiten.ch\/wp-content\/uploads\/2025\/06\/50xBS-AB-Superlative_ersetzen-scaled.jpg\">jpg<\/a> | als <a href=\"http:\/\/50xbesserstreiten.ch\/wp-content\/uploads\/2025\/06\/50xBS-AB-Superlative_ersetzen.pdf\">pdf<\/a>)<\/li>\n<\/ul>\n\n\n\n<p><strong>Die &#8222;Tough-Shit!&#8220;-Methode:<\/strong><\/p>\n\n\n\n<ul>\n<li>Kopiervorlage schwarz-weiss (als <a href=\"https:\/\/50xbesserstreiten.ch\/wp-content\/uploads\/2024\/01\/Bonus-Tough_Shit.jpg\" data-type=\"attachment\" data-id=\"350\" target=\"_blank\" rel=\"noreferrer noopener\">jpg<\/a> | <a href=\"https:\/\/50xbesserstreiten.ch\/wp-content\/uploads\/2024\/01\/Bonus-Tough_Shit.pdf\" data-type=\"attachment\" data-id=\"349\" target=\"_blank\" rel=\"noreferrer noopener\">pdf<\/a>)<\/li>\n<\/ul>\n\n\n\n<p><strong>Der 50xBesserStreiten-Spickzettel<\/strong><\/p>\n\n\n\n<ul>\n<li>Kopiervorlage (als <a href=\"http:\/\/50xbesserstreiten.ch\/wp-content\/uploads\/2024\/10\/241001-bs_intern-50xbs_Spickzettel_XXL-scaled.jpg\" data-type=\"attachment\" data-id=\"634\">jpg<\/a> | <a href=\"http:\/\/50xbesserstreiten.ch\/wp-content\/uploads\/2024\/10\/241001-bs_intern-50xbs_Spickzettel.pdf\" data-type=\"attachment\" data-id=\"633\">pdf<\/a>)<\/li>\n<\/ul>\n\n\n\n<h3 class=\"wp-block-heading\">Bilder:<\/h3>\n\n\n\n<ul>\n<li>Denise Widler, Nichts mit mir (als <a href=\"https:\/\/50xbesserstreiten.ch\/wp-content\/uploads\/2024\/01\/Bonus-Nichts_mit_mir.png\" data-type=\"attachment\" data-id=\"339\" target=\"_blank\" rel=\"noreferrer noopener\">png<\/a> | <a href=\"https:\/\/50xbesserstreiten.ch\/wp-content\/uploads\/2024\/01\/Bonus-Nichts_mit_mir.pdf\" data-type=\"attachment\" data-id=\"340\" target=\"_blank\" rel=\"noreferrer noopener\">pdf<\/a>)<\/li>\n\n\n\n<li>Denise Widler, Nichts mit mir (auf Tapete, arr. Thierry Moosbrugger, als <a href=\"https:\/\/50xbesserstreiten.ch\/wp-content\/uploads\/2024\/01\/Bonus-Nichts_mit_mir-Tapete.png\" data-type=\"attachment\" data-id=\"342\" target=\"_blank\" rel=\"noreferrer noopener\">png<\/a> | <a href=\"https:\/\/50xbesserstreiten.ch\/wp-content\/uploads\/2024\/01\/Bonus-Nichts_mit_mir-Tapete.pdf\" data-type=\"attachment\" data-id=\"341\" target=\"_blank\" rel=\"noreferrer noopener\">pdf<\/a>)<\/li>\n<\/ul>\n","protected":false},"excerpt":{"rendered":"<p>Links: Arbeitsbl\u00e4tter: Die Cornell-Methode f\u00fcr Notizen: Das Eisbergmodell \/ Interessen &amp; Bed\u00fcrfnisse: Feedback mit der &#8222;5-Finger-Methode&#8220; &#8222;Gef\u00fchlisch&#8220; lernen &#8211; Liste von Gef\u00fchlen Das Konflikt-Schichtenmodell nach Schmidt\/Berg: Meine Ressourcen: Superlative\/nie\/immer ersetzen: Die &#8222;Tough-Shit!&#8220;-Methode: Der 50xBesserStreiten-Spickzettel Bilder:<\/p>\n","protected":false},"author":3,"featured_media":0,"parent":0,"menu_order":0,"comment_status":"closed","ping_status":"closed","template":"","meta":{"footnotes":""},"_links":{"self":[{"href":"https:\/\/50xbesserstreiten.ch\/index.php?rest_route=\/wp\/v2\/pages\/137"}],"collection":[{"href":"https:\/\/50xbesserstreiten.ch\/index.php?rest_route=\/wp\/v2\/pages"}],"about":[{"href":"https:\/\/50xbesserstreiten.ch\/index.php?rest_route=\/wp\/v2\/types\/page"}],"author":[{"embeddable":true,"href":"https:\/\/50xbesserstreiten.ch\/index.php?rest_route=\/wp\/v2\/users\/3"}],"replies":[{"embeddable":true,"href":"https:\/\/50xbesserstreiten.ch\/index.php?rest_route=%2Fwp%2Fv2%2Fcomments&post=137"}],"version-history":[{"count":23,"href":"https:\/\/50xbesserstreiten.ch\/index.php?rest_route=\/wp\/v2\/pages\/137\/revisions"}],"predecessor-version":[{"id":734,"href":"https:\/\/50xbesserstreiten.ch\/index.php?rest_route=\/wp\/v2\/pages\/137\/revisions\/734"}],"wp:attachment":[{"href":"https:\/\/50xbesserstreiten.ch\/index.php?rest_route=%2Fwp%2Fv2%2Fmedia&parent=137"}],"curies":[{"name":"wp","href":"https:\/\/api.w.org\/{rel}","templated":true}]}}