{"id":135,"date":"2024-01-21T12:56:59","date_gmt":"2024-01-21T12:56:59","guid":{"rendered":"https:\/\/50xbesserstreiten.ch\/?page_id=135"},"modified":"2024-11-27T19:23:07","modified_gmt":"2024-11-27T19:23:07","slug":"buchbestellung","status":"publish","type":"page","link":"https:\/\/50xbesserstreiten.ch\/?page_id=135","title":{"rendered":"Buchbestellung"},"content":{"rendered":"\n<p><em>Hinweis f\u00fcr Bestellungen von ausserhalb der Schweiz ganz unten.<\/em><\/p>\n\n\n\n<p><strong>Angaben:<\/strong><br>Titel: 50x besser streiten<br>Untertitel: Wege zur L\u00f6sung<br>ISBN: 978-3-907396-66-7<br>Format: Kartonierter Einband<br>Herausgeber: NZZ Libro, 2024<br>Anzahl Seiten: 325<br>Gr\u00f6sse: 152x220mm<\/p>\n\n\n<noscript class=\"ninja-forms-noscript-message\">\n\tHinweis: F\u00fcr diesen Inhalt ist JavaScript erforderlich.<\/noscript>\n<div id=\"nf-form-2-cont\" class=\"nf-form-cont\" aria-live=\"polite\" aria-labelledby=\"nf-form-title-2\" aria-describedby=\"nf-form-errors-2\" role=\"form\">\n\n    <div class=\"nf-loading-spinner\"><\/div>\n\n<\/div>\n        <!-- That data is being printed as a workaround to page builders reordering the order of the scripts loaded-->\n        <script>var formDisplay=1;var nfForms=nfForms||[];var form=[];form.id='2';form.settings={\"objectType\":\"Form Setting\",\"editActive\":false,\"title\":\"Buch bestellen\",\"show_title\":1,\"allow_public_link\":0,\"embed_form\":\"\",\"clear_complete\":1,\"hide_complete\":1,\"default_label_pos\":\"above\",\"wrapper_class\":\"\",\"element_class\":\"\",\"form_title_heading_level\":\"3\",\"key\":\"\",\"add_submit\":0,\"currency\":\"\",\"unique_field_error\":\"Ein Formular mit diesem Wert wurde bereits eingereicht.\",\"logged_in\":false,\"not_logged_in_msg\":\"\",\"sub_limit_msg\":\"Das Formular hat sein Beitragslimit erreicht.\",\"calculations\":[],\"formContentData\":[\"firstname_1705182261566\",\"lastname_1705182262955\",\"email_1705182265253\",\"adresse_strasse_plz_wohnort_1733842367266\",\"buch_50x_besser_streiten_bestellen_1705182377636\",\"anzahl_exemplare_1705182416921\",\"gewuenschte_widmung_1705182429367\",\"allgemeine_bemerkungen_1706269689069\",\"newsletter_1705182439837\",\"jetzt_kostenpflichtig_bestellen_1705182503779\"],\"ninjaForms\":\"Ninja Forms\",\"changeEmailErrorMsg\":\"Bitte gib eine g\\u00fcltige E-Mail-Adresse ein.\",\"changeDateErrorMsg\":\"Bitte gib ein g\\u00fcltiges Datum ein!\",\"confirmFieldErrorMsg\":\"Diese Felder m\\u00fcssen \\u00fcbereinstimmen!\",\"fieldNumberNumMinError\":\"Die eingegebene Zahl ist zu klein.\",\"fieldNumberNumMaxError\":\"Die eingegebene Zahl ist zu gross.\",\"fieldNumberIncrementBy\":\"Bitte erh\\u00f6hen in Schritten von\",\"fieldTextareaRTEInsertLink\":\"Link einf\\u00fcgen\",\"fieldTextareaRTEInsertMedia\":\"Medien einf\\u00fcgen\",\"fieldTextareaRTESelectAFile\":\"Eine Datei ausw\\u00e4hlen\",\"formErrorsCorrectErrors\":\"Bitte korrigiere die Fehler, bevor du das Formular sendest.\",\"formHoneypot\":\"Falls du ein Mensch bist und dieses Feld siehst, dann lasse es bitte leer.\",\"validateRequiredField\":\"Dies ist ein Pflichtfeld.\",\"honeypotHoneypotError\":\"Honeypot-Fehler\",\"fileUploadOldCodeFileUploadInProgress\":\"Datei-Upload l\\u00e4uft.\",\"fileUploadOldCodeFileUpload\":\"DATEI-UPLOAD\",\"currencySymbol\":false,\"fieldsMarkedRequired\":\"Felder mit einem <span class=\\\"ninja-forms-req-symbol\\\">*<\\\/span> sind Pflichtfelder\",\"thousands_sep\":\".\",\"decimal_point\":\",\",\"siteLocale\":\"de_DE\",\"dateFormat\":\"m\\\/d\\\/Y\",\"startOfWeek\":\"1\",\"of\":\"von\",\"previousMonth\":\"Vorheriger Monat\",\"nextMonth\":\"N\\u00e4chster Monat\",\"months\":[\"Januar\",\"Februar\",\"M\\u00e4rz\",\"April\",\"Mai\",\"Juni\",\"Juli\",\"August\",\"September\",\"Oktober\",\"November\",\"Dezember\"],\"monthsShort\":[\"Jan\",\"Feb\",\"Mrz\",\"Apr\",\"Mai\",\"Jun\",\"Jul\",\"Aug\",\"Sep\",\"Okt\",\"Nov\",\"Dez\"],\"weekdays\":[\"Sonntag\",\"Montag\",\"Dienstag\",\"Mittwoch\",\"Donnerstag\",\"Freitag\",\"Samstag\"],\"weekdaysShort\":[\"So\",\"Mo\",\"Die\",\"Mi\",\"Do\",\"Fr\",\"Sa\"],\"weekdaysMin\":[\"So\",\"Mo\",\"Di\",\"Mi\",\"Do\",\"Fr\",\"Sa\"],\"recaptchaConsentMissing\":\"reCaptcha validation couldn&#039;t load.\",\"recaptchaMissingCookie\":\"reCaptcha v3 validation couldn&#039;t load the cookie needed to submit the form.\",\"recaptchaConsentEvent\":\"Accept reCaptcha cookies before sending the form.\",\"currency_symbol\":\"\",\"beforeForm\":\"\",\"beforeFields\":\"\",\"afterFields\":\"\",\"afterForm\":\"\"};form.fields=[{\"objectType\":\"Field\",\"objectDomain\":\"fields\",\"editActive\":false,\"order\":1,\"idAttribute\":\"id\",\"type\":\"firstname\",\"label\":\"Vorname\",\"key\":\"firstname_1705182261566\",\"label_pos\":\"above\",\"required\":1,\"default\":\"\",\"placeholder\":\"\",\"container_class\":\"\",\"element_class\":\"\",\"admin_label\":\"\",\"help_text\":\"\",\"custom_name_attribute\":\"fname\",\"personally_identifiable\":1,\"value\":\"\",\"id\":5,\"beforeField\":\"\",\"afterField\":\"\",\"parentType\":\"firstname\",\"element_templates\":[\"firstname\",\"input\"],\"old_classname\":\"\",\"wrap_template\":\"wrap\"},{\"objectType\":\"Field\",\"objectDomain\":\"fields\",\"editActive\":false,\"order\":2,\"idAttribute\":\"id\",\"type\":\"lastname\",\"label\":\"Nachname\",\"key\":\"lastname_1705182262955\",\"label_pos\":\"above\",\"required\":1,\"default\":\"\",\"placeholder\":\"\",\"container_class\":\"\",\"element_class\":\"\",\"admin_label\":\"\",\"help_text\":\"\",\"custom_name_attribute\":\"lname\",\"personally_identifiable\":1,\"value\":\"\",\"id\":6,\"beforeField\":\"\",\"afterField\":\"\",\"parentType\":\"lastname\",\"element_templates\":[\"lastname\",\"input\"],\"old_classname\":\"\",\"wrap_template\":\"wrap\"},{\"objectType\":\"Field\",\"objectDomain\":\"fields\",\"editActive\":false,\"order\":3,\"idAttribute\":\"id\",\"type\":\"email\",\"label\":\"E-Mail\",\"key\":\"email_1705182265253\",\"label_pos\":\"above\",\"required\":1,\"default\":\"\",\"placeholder\":\"\",\"container_class\":\"\",\"element_class\":\"\",\"admin_label\":\"\",\"help_text\":\"\",\"custom_name_attribute\":\"email\",\"personally_identifiable\":1,\"value\":\"\",\"id\":7,\"beforeField\":\"\",\"afterField\":\"\",\"parentType\":\"email\",\"element_templates\":[\"email\",\"input\"],\"old_classname\":\"\",\"wrap_template\":\"wrap\"},{\"objectType\":\"Field\",\"objectDomain\":\"fields\",\"editActive\":false,\"order\":4,\"idAttribute\":\"id\",\"type\":\"address\",\"label\":\"\\ufeffAdresse (Strasse, PLZ, Wohnort)\",\"key\":\"adresse_strasse_plz_wohnort_1733842367266\",\"label_pos\":\"above\",\"required\":1,\"default\":\"\",\"placeholder\":\"\",\"container_class\":\"\",\"element_class\":\"\",\"input_limit\":\"\",\"input_limit_type\":\"characters\",\"input_limit_msg\":\"verbleibende(s) Zeichen\",\"manual_key\":false,\"admin_label\":\"\",\"help_text\":\"\",\"mask\":\"\",\"custom_mask\":\"\",\"custom_name_attribute\":\"address\",\"personally_identifiable\":1,\"value\":\"\",\"drawerDisabled\":false,\"id\":8,\"beforeField\":\"\",\"afterField\":\"\",\"parentType\":\"address\",\"element_templates\":[\"address\",\"textbox\",\"input\"],\"old_classname\":\"\",\"wrap_template\":\"wrap\"},{\"objectType\":\"Field\",\"objectDomain\":\"fields\",\"editActive\":false,\"order\":5,\"idAttribute\":\"id\",\"type\":\"listcheckbox\",\"label\":\"Buch \\u00ab50x besser streiten\\u00bb bestellen\",\"key\":\"buch_50x_besser_streiten_bestellen_1705182377636\",\"label_pos\":\"above\",\"required\":1,\"options\":[{\"errors\":[],\"max_options\":0,\"label\":\"Ohne Widmung - 25 CHF**\",\"value\":\"ohne-widmung-25-chf\",\"calc\":\"\",\"selected\":0,\"order\":0,\"settingModel\":{\"settings\":false,\"hide_merge_tags\":false,\"error\":false,\"name\":\"options\",\"type\":\"option-repeater\",\"label\":\"Optionen <a href=\\\"#\\\" class=\\\"nf-add-new\\\">Erstellen<\\\/a> <a href=\\\"#\\\" class=\\\"extra nf-open-import-tooltip\\\"><i class=\\\"fa fa-sign-in\\\" aria-hidden=\\\"true\\\"><\\\/i> Importieren<\\\/a>\",\"width\":\"full\",\"group\":\"\",\"value\":[{\"label\":\"Eins\",\"value\":\"eins\",\"calc\":\"\",\"selected\":0,\"order\":0},{\"label\":\"Zwei\",\"value\":\"zwei\",\"calc\":\"\",\"selected\":0,\"order\":1},{\"label\":\"Drei\",\"value\":\"drei\",\"calc\":\"\",\"selected\":0,\"order\":2}],\"columns\":{\"label\":{\"header\":\"Beschriftung\",\"default\":\"\"},\"value\":{\"header\":\"Wert\",\"default\":\"\"},\"calc\":{\"header\":\"Berechneter Wert\",\"default\":\"\"},\"selected\":{\"header\":\"<span class=\\\"dashicons dashicons-yes\\\"><\\\/span>\",\"default\":0}}}},{\"errors\":[],\"max_options\":0,\"label\":\"Mit Widmung - 25 CHF**\",\"value\":\"mit-widmung-25-chf\",\"calc\":\"\",\"selected\":0,\"order\":1,\"settingModel\":{\"settings\":false,\"hide_merge_tags\":false,\"error\":false,\"name\":\"options\",\"type\":\"option-repeater\",\"label\":\"Optionen <a href=\\\"#\\\" class=\\\"nf-add-new\\\">Erstellen<\\\/a> <a href=\\\"#\\\" class=\\\"extra nf-open-import-tooltip\\\"><i class=\\\"fa fa-sign-in\\\" aria-hidden=\\\"true\\\"><\\\/i> Importieren<\\\/a>\",\"width\":\"full\",\"group\":\"\",\"value\":[{\"label\":\"Eins\",\"value\":\"eins\",\"calc\":\"\",\"selected\":0,\"order\":0},{\"label\":\"Zwei\",\"value\":\"zwei\",\"calc\":\"\",\"selected\":0,\"order\":1},{\"label\":\"Drei\",\"value\":\"drei\",\"calc\":\"\",\"selected\":0,\"order\":2}],\"columns\":{\"label\":{\"header\":\"Beschriftung\",\"default\":\"\"},\"value\":{\"header\":\"Wert\",\"default\":\"\"},\"calc\":{\"header\":\"Berechneter Wert\",\"default\":\"\"},\"selected\":{\"header\":\"<span class=\\\"dashicons dashicons-yes\\\"><\\\/span>\",\"default\":0}}}}],\"container_class\":\"\",\"element_class\":\"\",\"admin_label\":\"\",\"help_text\":\"\",\"drawerDisabled\":false,\"id\":10,\"beforeField\":\"\",\"afterField\":\"\",\"value\":\"\",\"parentType\":\"list\",\"element_templates\":[\"listcheckbox\",\"input\"],\"old_classname\":\"list-checkbox\",\"wrap_template\":\"wrap\"},{\"objectType\":\"Field\",\"objectDomain\":\"fields\",\"editActive\":false,\"order\":6,\"idAttribute\":\"id\",\"type\":\"textbox\",\"label\":\"Anzahl Exemplare\",\"key\":\"anzahl_exemplare_1705182416921\",\"label_pos\":\"above\",\"required\":false,\"default\":\"\",\"placeholder\":\"\",\"container_class\":\"\",\"element_class\":\"\",\"input_limit\":\"\",\"input_limit_type\":\"characters\",\"input_limit_msg\":\"verbleibende(s) Zeichen\",\"manual_key\":false,\"admin_label\":\"\",\"help_text\":\"\",\"mask\":\"\",\"custom_mask\":\"\",\"custom_name_attribute\":\"\",\"personally_identifiable\":\"\",\"value\":\"\",\"drawerDisabled\":false,\"id\":11,\"beforeField\":\"\",\"afterField\":\"\",\"parentType\":\"textbox\",\"element_templates\":[\"textbox\",\"input\"],\"old_classname\":\"\",\"wrap_template\":\"wrap\"},{\"objectType\":\"Field\",\"objectDomain\":\"fields\",\"editActive\":false,\"order\":7,\"idAttribute\":\"id\",\"type\":\"textarea\",\"label\":\"Gew\\u00fcnschte Widmung\",\"key\":\"gewuenschte_widmung_1705182429367\",\"label_pos\":\"above\",\"required\":false,\"default\":\"\",\"placeholder\":\"\",\"container_class\":\"\",\"element_class\":\"\",\"input_limit\":\"\",\"input_limit_type\":\"characters\",\"input_limit_msg\":\"verbleibende(s) Zeichen\",\"manual_key\":false,\"admin_label\":\"\",\"help_text\":\"\",\"textarea_rte\":\"\",\"disable_rte_mobile\":\"\",\"textarea_media\":\"\",\"value\":\"\",\"drawerDisabled\":false,\"id\":12,\"beforeField\":\"\",\"afterField\":\"\",\"parentType\":\"textarea\",\"element_templates\":[\"textarea\",\"input\"],\"old_classname\":\"\",\"wrap_template\":\"wrap\"},{\"objectType\":\"Field\",\"objectDomain\":\"fields\",\"editActive\":false,\"order\":8,\"idAttribute\":\"id\",\"type\":\"textarea\",\"label\":\"Allgemeine Bemerkungen\",\"key\":\"allgemeine_bemerkungen_1706269689069\",\"label_pos\":\"above\",\"required\":0,\"default\":\"\",\"placeholder\":\"\",\"container_class\":\"\",\"element_class\":\"\",\"input_limit\":\"\",\"input_limit_type\":\"characters\",\"input_limit_msg\":\"verbleibende(s) Zeichen\",\"manual_key\":false,\"admin_label\":\"\",\"help_text\":\"\",\"textarea_rte\":\"\",\"disable_rte_mobile\":\"\",\"textarea_media\":\"\",\"value\":\"\",\"drawerDisabled\":false,\"id\":19,\"beforeField\":\"\",\"afterField\":\"\",\"parentType\":\"textarea\",\"element_templates\":[\"textarea\",\"input\"],\"old_classname\":\"\",\"wrap_template\":\"wrap\"},{\"objectType\":\"Field\",\"objectDomain\":\"fields\",\"editActive\":false,\"order\":9,\"idAttribute\":\"id\",\"type\":\"checkbox\",\"label\":\"Newsletter\",\"key\":\"newsletter_1705182439837\",\"label_pos\":\"right\",\"required\":false,\"container_class\":\"\",\"element_class\":\"\",\"manual_key\":false,\"admin_label\":\"\",\"help_text\":\"\",\"desc_text\":\"<p>Ja, ich m\\u00f6chte \\u00fcber Anl\\u00e4sse im Zusammenhang mit dem Buch per Email informiert werden.<br><\\\/p>\",\"default_value\":\"unchecked\",\"checked_value\":\"Ausgew\\u00e4hlt\",\"unchecked_value\":\"Nicht ausgew\\u00e4hlt\",\"checked_calc_value\":\"\",\"unchecked_calc_value\":\"\",\"drawerDisabled\":false,\"id\":13,\"beforeField\":\"\",\"afterField\":\"\",\"value\":\"\",\"parentType\":\"checkbox\",\"element_templates\":[\"checkbox\",\"input\"],\"old_classname\":\"\",\"wrap_template\":\"wrap\"},{\"objectType\":\"Field\",\"objectDomain\":\"fields\",\"editActive\":false,\"order\":10,\"idAttribute\":\"id\",\"type\":\"submit\",\"label\":\"Jetzt kostenpflichtig bestellen*\",\"processing_label\":\"Wird verarbeitet\",\"container_class\":\"\",\"element_class\":\"\",\"key\":\"jetzt_kostenpflichtig_bestellen_1705182503779\",\"drawerDisabled\":false,\"id\":14,\"beforeField\":\"\",\"afterField\":\"\",\"value\":\"\",\"label_pos\":\"above\",\"parentType\":\"textbox\",\"element_templates\":[\"submit\",\"button\",\"input\"],\"old_classname\":\"\",\"wrap_template\":\"wrap-no-label\"}];nfForms.push(form);<\/script>\n        \n\n\n<p>**  25.- CHF zuz\u00fcglich Versandkosten (statt 34.-). <\/p>\n\n\n\n<p><em>Die Mysterien des Internets (oder der Schweizer Post):<\/em> Falls die Bestellung innert einer Woche nicht eingetroffen ist, bin ich froh um eine Meldung per mail an <em>und@50xbesserstreiten.ch<\/em>, um dem Problem auf den Grund gehen zu k\u00f6nnen.<\/p>\n\n\n\n<p><em>F\u00fcr Bestellungen ausserhalb der Schweiz:<\/em> Aufgrund der hohen Versandkosten bietet es sich an, den lokalen Buch\u00e4ndler zu unterst\u00fctzen. Sollten Sie eine Widmung w\u00fcnschen, k\u00f6nnen Sie diese \u00fcber das <a href=\"https:\/\/50xbesserstreiten.ch\/?page_id=232\" data-type=\"page\" data-id=\"232\">Kontaktformular<\/a> erbitten und als Postkarte erhalten.<\/p>\n","protected":false},"excerpt":{"rendered":"<p>Hinweis f\u00fcr Bestellungen von ausserhalb der Schweiz ganz unten. Angaben:Titel: 50x besser streitenUntertitel: Wege zur L\u00f6sungISBN: 978-3-907396-66-7Format: Kartonierter EinbandHerausgeber: NZZ Libro, 2024Anzahl Seiten: 325Gr\u00f6sse: 152x220mm ** 25.- CHF zuz\u00fcglich Versandkosten (statt 34.-). Die Mysterien des Internets (oder der Schweizer Post): Falls die Bestellung innert einer Woche nicht eingetroffen ist, bin ich froh um eine Meldung&hellip; <a class=\"more-link\" href=\"https:\/\/50xbesserstreiten.ch\/?page_id=135\"><span class=\"screen-reader-text\">Buchbestellung<\/span> weiterlesen<\/a><\/p>\n","protected":false},"author":3,"featured_media":0,"parent":0,"menu_order":0,"comment_status":"closed","ping_status":"closed","template":"","meta":{"footnotes":""},"_links":{"self":[{"href":"https:\/\/50xbesserstreiten.ch\/index.php?rest_route=\/wp\/v2\/pages\/135"}],"collection":[{"href":"https:\/\/50xbesserstreiten.ch\/index.php?rest_route=\/wp\/v2\/pages"}],"about":[{"href":"https:\/\/50xbesserstreiten.ch\/index.php?rest_route=\/wp\/v2\/types\/page"}],"author":[{"embeddable":true,"href":"https:\/\/50xbesserstreiten.ch\/index.php?rest_route=\/wp\/v2\/users\/3"}],"replies":[{"embeddable":true,"href":"https:\/\/50xbesserstreiten.ch\/index.php?rest_route=%2Fwp%2Fv2%2Fcomments&post=135"}],"version-history":[{"count":20,"href":"https:\/\/50xbesserstreiten.ch\/index.php?rest_route=\/wp\/v2\/pages\/135\/revisions"}],"predecessor-version":[{"id":661,"href":"https:\/\/50xbesserstreiten.ch\/index.php?rest_route=\/wp\/v2\/pages\/135\/revisions\/661"}],"wp:attachment":[{"href":"https:\/\/50xbesserstreiten.ch\/index.php?rest_route=%2Fwp%2Fv2%2Fmedia&parent=135"}],"curies":[{"name":"wp","href":"https:\/\/api.w.org\/{rel}","templated":true}]}}